{"id":18,"date":"2019-03-13T04:35:05","date_gmt":"2019-03-13T03:35:05","guid":{"rendered":"http:\/\/cinemahouse.cz\/?page_id=18"},"modified":"2022-01-29T02:52:55","modified_gmt":"2022-01-29T01:52:55","slug":"kontakt","status":"publish","type":"page","link":"https:\/\/cinemahouse.cz\/index.php\/kontakt\/","title":{"rendered":"KONTAKT"},"content":{"rendered":"\n<div style=\"height:20px\" aria-hidden=\"true\" class=\"wp-block-spacer\"><\/div>\n\n\n\n<p><strong>HOUSE Media Group s.r.o. (HMG)<\/strong><\/p>\n\n\n\n<p>Rybn\u00e1 716\/24<\/p>\n\n\n\n<p>Praha 1 \u2013 Star\u00e9 M\u011bsto, 110 00<\/p>\n\n\n\n<p>Doru\u010dovac\u00ed adresa na redakci v odkazu<strong>\u00a0ZDE<\/strong>.<\/p>\n\n\n\n<div style=\"height:32px\" aria-hidden=\"true\" class=\"wp-block-spacer\"><\/div>\n\n\n\n<p><strong>Obchodn\u00ed a marketingov\u00e9 odd\u011blen\u00ed<\/strong><\/p>\n\n\n\n<p><strong>Tel.:<\/strong>&nbsp;+420&nbsp;<strong>608 225 180<\/strong><\/p>\n\n\n\n<p><strong>E-mail:<\/strong>\u00a0obchod @ hmg.cz<\/p>\n\n\n\n<div style=\"height:41px\" aria-hidden=\"true\" class=\"wp-block-spacer\"><\/div>\n\n\n\n<p><strong>Redakce a veden\u00ed<\/strong><\/p>\n\n\n\n<p><strong>Tel.:<\/strong>&nbsp;+420<strong>&nbsp;774 827 590<\/strong><\/p>\n\n\n\n<p><strong>E-mail:<\/strong>\u00a0sefredaktor @ hmg.cz<\/p>\n\n\n\n<div style=\"height:36px\" aria-hidden=\"true\" class=\"wp-block-spacer\"><\/div>\n\n\n\n<p><strong>V\u00edce informac\u00ed na <a href=\"https:\/\/www.HMG.cz\" data-type=\"URL\" data-id=\"https:\/\/www.HMG.cz\">www.HMG.cz<\/a><\/strong><\/p>\n\n\n\n<div style=\"height:100px\" aria-hidden=\"true\" class=\"wp-block-spacer\"><\/div>\n","protected":false},"excerpt":{"rendered":"<p>HOUSE Media Group s.r.o. (HMG) Rybn\u00e1 716\/24 Praha 1 \u2013 Star\u00e9 M\u011bsto, 110 00 Doru\u010dovac\u00ed adresa na redakci v odkazu\u00a0ZDE. Obchodn\u00ed a marketingov\u00e9 odd\u011blen\u00ed Tel.:&nbsp;+420&nbsp;608 225 180 E-mail:\u00a0obchod @ hmg.cz Redakce a veden\u00ed Tel.:&nbsp;+420&nbsp;774&#46;&#46;&#46;<\/p>\n","protected":false},"author":1,"featured_media":0,"parent":0,"menu_order":0,"comment_status":"closed","ping_status":"closed","template":"","meta":{"_monsterinsights_skip_tracking":false,"_monsterinsights_sitenote_active":false,"_monsterinsights_sitenote_note":"","_monsterinsights_sitenote_category":0,"footnotes":""},"yoast_head":"<!-- This site is optimized with the Yoast SEO plugin v21.4 - https:\/\/yoast.com\/wordpress\/plugins\/seo\/ -->\n<title>KONTAKT - CINEMAHOUSE.cz<\/title>\n<meta name=\"robots\" content=\"index, follow, max-snippet:-1, max-image-preview:large, max-video-preview:-1\" \/>\n<link rel=\"canonical\" href=\"https:\/\/cinemahouse.cz\/index.php\/kontakt\/\" \/>\n<meta property=\"og:locale\" content=\"cs_CZ\" \/>\n<meta property=\"og:type\" content=\"article\" \/>\n<meta property=\"og:title\" content=\"KONTAKT - CINEMAHOUSE.cz\" \/>\n<meta property=\"og:description\" content=\"HOUSE Media Group s.r.o. (HMG) Rybn\u00e1 716\/24 Praha 1 \u2013 Star\u00e9 M\u011bsto, 110 00 Doru\u010dovac\u00ed adresa na redakci v odkazu\u00a0ZDE. Obchodn\u00ed a marketingov\u00e9 odd\u011blen\u00ed Tel.:&nbsp;+420&nbsp;608 225 180 E-mail:\u00a0obchod @ hmg.cz Redakce a veden\u00ed Tel.:&nbsp;+420&nbsp;774&#046;&#046;&#046;\" \/>\n<meta property=\"og:url\" content=\"https:\/\/cinemahouse.cz\/index.php\/kontakt\/\" \/>\n<meta property=\"og:site_name\" content=\"CINEMAHOUSE.cz\" \/>\n<meta property=\"article:modified_time\" content=\"2022-01-29T01:52:55+00:00\" \/>\n<meta name=\"twitter:card\" content=\"summary_large_image\" \/>\n<script type=\"application\/ld+json\" class=\"yoast-schema-graph\">{\"@context\":\"https:\/\/schema.org\",\"@graph\":[{\"@type\":\"WebPage\",\"@id\":\"https:\/\/cinemahouse.cz\/index.php\/kontakt\/\",\"url\":\"https:\/\/cinemahouse.cz\/index.php\/kontakt\/\",\"name\":\"KONTAKT - CINEMAHOUSE.cz\",\"isPartOf\":{\"@id\":\"https:\/\/cinemahouse.cz\/#website\"},\"datePublished\":\"2019-03-13T03:35:05+00:00\",\"dateModified\":\"2022-01-29T01:52:55+00:00\",\"breadcrumb\":{\"@id\":\"https:\/\/cinemahouse.cz\/index.php\/kontakt\/#breadcrumb\"},\"inLanguage\":\"cs\",\"potentialAction\":[{\"@type\":\"ReadAction\",\"target\":[\"https:\/\/cinemahouse.cz\/index.php\/kontakt\/\"]}]},{\"@type\":\"BreadcrumbList\",\"@id\":\"https:\/\/cinemahouse.cz\/index.php\/kontakt\/#breadcrumb\",\"itemListElement\":[{\"@type\":\"ListItem\",\"position\":1,\"name\":\"Dom\u016f\",\"item\":\"https:\/\/cinemahouse.cz\/\"},{\"@type\":\"ListItem\",\"position\":2,\"name\":\"KONTAKT\"}]},{\"@type\":\"WebSite\",\"@id\":\"https:\/\/cinemahouse.cz\/#website\",\"url\":\"https:\/\/cinemahouse.cz\/\",\"name\":\"CINEMAHOUSE.cz\",\"description\":\"Port\u00e1l o filmov\u00fdch novink\u00e1ch\",\"publisher\":{\"@id\":\"https:\/\/cinemahouse.cz\/#organization\"},\"potentialAction\":[{\"@type\":\"SearchAction\",\"target\":{\"@type\":\"EntryPoint\",\"urlTemplate\":\"https:\/\/cinemahouse.cz\/?s={search_term_string}\"},\"query-input\":\"required name=search_term_string\"}],\"inLanguage\":\"cs\"},{\"@type\":\"Organization\",\"@id\":\"https:\/\/cinemahouse.cz\/#organization\",\"name\":\"CINEMAHOUSE.cz\",\"url\":\"https:\/\/cinemahouse.cz\/\",\"logo\":{\"@type\":\"ImageObject\",\"inLanguage\":\"cs\",\"@id\":\"https:\/\/cinemahouse.cz\/#\/schema\/logo\/image\/\",\"url\":\"https:\/\/cinemahouse.cz\/wp-content\/uploads\/2024\/12\/cropped-Logo_CinemaHouse.jpg\",\"contentUrl\":\"https:\/\/cinemahouse.cz\/wp-content\/uploads\/2024\/12\/cropped-Logo_CinemaHouse.jpg\",\"width\":926,\"height\":467,\"caption\":\"CINEMAHOUSE.cz\"},\"image\":{\"@id\":\"https:\/\/cinemahouse.cz\/#\/schema\/logo\/image\/\"}}]}<\/script>\n<!-- \/ Yoast SEO plugin. -->","yoast_head_json":{"title":"KONTAKT - CINEMAHOUSE.cz","robots":{"index":"index","follow":"follow","max-snippet":"max-snippet:-1","max-image-preview":"max-image-preview:large","max-video-preview":"max-video-preview:-1"},"canonical":"https:\/\/cinemahouse.cz\/index.php\/kontakt\/","og_locale":"cs_CZ","og_type":"article","og_title":"KONTAKT - CINEMAHOUSE.cz","og_description":"HOUSE Media Group s.r.o. (HMG) Rybn\u00e1 716\/24 Praha 1 \u2013 Star\u00e9 M\u011bsto, 110 00 Doru\u010dovac\u00ed adresa na redakci v odkazu\u00a0ZDE. Obchodn\u00ed a marketingov\u00e9 odd\u011blen\u00ed Tel.:&nbsp;+420&nbsp;608 225 180 E-mail:\u00a0obchod @ hmg.cz Redakce a veden\u00ed Tel.:&nbsp;+420&nbsp;774&#46;&#46;&#46;","og_url":"https:\/\/cinemahouse.cz\/index.php\/kontakt\/","og_site_name":"CINEMAHOUSE.cz","article_modified_time":"2022-01-29T01:52:55+00:00","twitter_card":"summary_large_image","schema":{"@context":"https:\/\/schema.org","@graph":[{"@type":"WebPage","@id":"https:\/\/cinemahouse.cz\/index.php\/kontakt\/","url":"https:\/\/cinemahouse.cz\/index.php\/kontakt\/","name":"KONTAKT - CINEMAHOUSE.cz","isPartOf":{"@id":"https:\/\/cinemahouse.cz\/#website"},"datePublished":"2019-03-13T03:35:05+00:00","dateModified":"2022-01-29T01:52:55+00:00","breadcrumb":{"@id":"https:\/\/cinemahouse.cz\/index.php\/kontakt\/#breadcrumb"},"inLanguage":"cs","potentialAction":[{"@type":"ReadAction","target":["https:\/\/cinemahouse.cz\/index.php\/kontakt\/"]}]},{"@type":"BreadcrumbList","@id":"https:\/\/cinemahouse.cz\/index.php\/kontakt\/#breadcrumb","itemListElement":[{"@type":"ListItem","position":1,"name":"Dom\u016f","item":"https:\/\/cinemahouse.cz\/"},{"@type":"ListItem","position":2,"name":"KONTAKT"}]},{"@type":"WebSite","@id":"https:\/\/cinemahouse.cz\/#website","url":"https:\/\/cinemahouse.cz\/","name":"CINEMAHOUSE.cz","description":"Port\u00e1l o filmov\u00fdch novink\u00e1ch","publisher":{"@id":"https:\/\/cinemahouse.cz\/#organization"},"potentialAction":[{"@type":"SearchAction","target":{"@type":"EntryPoint","urlTemplate":"https:\/\/cinemahouse.cz\/?s={search_term_string}"},"query-input":"required name=search_term_string"}],"inLanguage":"cs"},{"@type":"Organization","@id":"https:\/\/cinemahouse.cz\/#organization","name":"CINEMAHOUSE.cz","url":"https:\/\/cinemahouse.cz\/","logo":{"@type":"ImageObject","inLanguage":"cs","@id":"https:\/\/cinemahouse.cz\/#\/schema\/logo\/image\/","url":"https:\/\/cinemahouse.cz\/wp-content\/uploads\/2024\/12\/cropped-Logo_CinemaHouse.jpg","contentUrl":"https:\/\/cinemahouse.cz\/wp-content\/uploads\/2024\/12\/cropped-Logo_CinemaHouse.jpg","width":926,"height":467,"caption":"CINEMAHOUSE.cz"},"image":{"@id":"https:\/\/cinemahouse.cz\/#\/schema\/logo\/image\/"}}]}},"_links":{"self":[{"href":"https:\/\/cinemahouse.cz\/index.php\/wp-json\/wp\/v2\/pages\/18"}],"collection":[{"href":"https:\/\/cinemahouse.cz\/index.php\/wp-json\/wp\/v2\/pages"}],"about":[{"href":"https:\/\/cinemahouse.cz\/index.php\/wp-json\/wp\/v2\/types\/page"}],"author":[{"embeddable":true,"href":"https:\/\/cinemahouse.cz\/index.php\/wp-json\/wp\/v2\/users\/1"}],"replies":[{"embeddable":true,"href":"https:\/\/cinemahouse.cz\/index.php\/wp-json\/wp\/v2\/comments?post=18"}],"version-history":[{"count":4,"href":"https:\/\/cinemahouse.cz\/index.php\/wp-json\/wp\/v2\/pages\/18\/revisions"}],"predecessor-version":[{"id":2740,"href":"https:\/\/cinemahouse.cz\/index.php\/wp-json\/wp\/v2\/pages\/18\/revisions\/2740"}],"wp:attachment":[{"href":"https:\/\/cinemahouse.cz\/index.php\/wp-json\/wp\/v2\/media?parent=18"}],"curies":[{"name":"wp","href":"https:\/\/api.w.org\/{rel}","templated":true}]}}